{"id":22069,"date":"2024-07-04T09:08:39","date_gmt":"2024-07-04T14:08:39","guid":{"rendered":"https:\/\/dev.arbin.com\/?page_id=22069"},"modified":"2025-08-11T11:35:49","modified_gmt":"2025-08-11T16:35:49","slug":"homepage-v2","status":"publish","type":"page","link":"https:\/\/dev.arbin.com\/de\/","title":{"rendered":"Homepage"},"content":{"rendered":"<h1>\n\t\t<a href=\"\/de\/batterieforschung\/hochprazises-batterietestgerat-mit-integrierter-kammer-html\/\" title=\"Hochpr\u00e4ziser Batterietester mit integrierter Kammer\" target=\"_self\" rel=\"noopener\">\n\t\tHochpr\u00e4ziser Batterietester<br \/>mit integrierter Kammer\n\t\t<\/a>\n\t<\/h1>\n\t<p>Arbin&#8217;s High-Precision Battery Tester (HPS) offers a turn-key solution with state-of-the-art technology, ensuring unmatched accuracy and precision.<\/p>\n\t\t\t<a href=\"\/de\/batterieforschung\/hochprazises-batterietestgerat-mit-integrierter-kammer-html\/\" target=\"_self\" rel=\"noopener\">\n\t\t\t\t\t\t\tMehr sehen\n\t\t\t\t\t<\/a>\n\t\t\t\t<img loading=\"lazy\" decoding=\"async\" src=\"https:\/\/www.arbin.com\/wp-content\/uploads\/2025\/08\/Arbin-High-Precision-Battery-Tester-with-Integrated-Chamber-homepage-v2.png\" alt=\"Arbin-Hochpr\u00e4zisions-Batterie-Pr\u00fcfger\u00e4t-mit-integrierter-Kammer-homepage-v2\" itemprop=\"image\" height=\"860\" width=\"1172\" title=\"Arbin-Hochpr\u00e4zisions-Batterie-Pr\u00fcfger\u00e4t-mit-integrierter-Kammer-homepage-v2\" onerror=\"this.style.display='none'\"  \/>\n<h2>\n\t\tHighlight Products\n\t<\/h2>\n\t\t\t\t<a href=\"\/de\/batterieforschung\/hochprazises-batterietestgerat-mit-integrierter-kammer-html\/\" target=\"_self\" itemprop=\"url\" rel=\"noopener\">\n\t\t\t\t<img loading=\"lazy\" decoding=\"async\" src=\"https:\/\/www.arbin.com\/wp-content\/uploads\/2024\/11\/ARBIN-High-Precision-Battery-Tester-with-Integrated-Chamber-thumb.png\" alt=\"ARBIN-Hochpr\u00e4zisions-Batterietester mit integriertem Kammerdaumen\" itemprop=\"image\" height=\"960\" width=\"1320\" title=\"ARBIN-Hochpr\u00e4zisions-Batterietester mit integriertem Kammerdaumen\" onerror=\"this.style.display='none'\"  \/>\n\t\t\t\t<\/a>\n<h3><a href=\"\/de\/batterieforschung\/hochprazises-batterietestgerat-mit-integrierter-kammer-html\/\" target=\"_self\" rel=\"noopener\">Hochpr\u00e4zisionspr\u00fcfger\u00e4t (HPS)<\/a><\/h3><p>Mit integrierten Kammern bietet HPS eine schl\u00fcsselfertige L\u00f6sung mit modernster Technologie f\u00fcr die Batterieforschung, die un\u00fcbertroffene Genauigkeit und Pr\u00e4zision gew\u00e4hrleistet.<\/p>\n\t\t\t\t<a href=\"\/de\/batterieforschung\/parallel-differential-batterieprufgerat-mit-integrierter-kammer-html\/\" target=\"_self\" itemprop=\"url\" rel=\"noopener\">\n\t\t\t\t<img loading=\"lazy\" decoding=\"async\" src=\"https:\/\/www.arbin.com\/wp-content\/uploads\/2024\/11\/ARBIN-Parallel-Differential-Battery-Tester-with-Integrated-Chamber-thumb.png\" alt=\"ARBIN-Parallel-Differential-Batterietester mit integriertem Kammerdaumen\" itemprop=\"image\" height=\"960\" width=\"1320\" title=\"ARBIN-Parallel-Differential-Batterietester mit integriertem Kammerdaumen\" onerror=\"this.style.display='none'\"  \/>\n\t\t\t\t<\/a>\n<h3><a href=\"\/de\/batterieforschung\/parallel-differential-batterieprufgerat-mit-integrierter-kammer-html\/\" target=\"_self\" rel=\"noopener\">Parallel-Differential-Batterietester (PDBT)<\/a><\/h3><p>PDBT ist f\u00fcr den parallelen Batterietest zum Vergleich von Batterien und zur schnellen Messung des Selbstentladestroms konzipiert.<\/p>\n\t\t\t\t<a href=\"\/de\/batterieforschung\/laboratory-battery-tester-with-integrated-chamber.html\/\" target=\"_self\" itemprop=\"url\" rel=\"noopener\">\n\t\t\t\t<img loading=\"lazy\" decoding=\"async\" src=\"https:\/\/www.arbin.com\/wp-content\/uploads\/2024\/11\/ARBIN-Laboratory-Battery-Tester-with-Integrated-Chamber-thumb.png\" alt=\"ARBIN-Labor-Batterietester mit integriertem Kammerdaumen\" itemprop=\"image\" height=\"960\" width=\"1320\" title=\"ARBIN-Labor-Batterietester mit integriertem Kammerdaumen\" onerror=\"this.style.display='none'\"  \/>\n\t\t\t\t<\/a>\n<h3><a href=\"\/de\/batterieforschung\/laboratory-battery-tester-with-integrated-chamber.html\/\" target=\"_self\" rel=\"noopener\">Labor-Batterietester (LBT)<\/a><\/h3><p>Compact and versatile, our portable desktop solution integrates Arbin&#8217;s advanced testing features.<\/p>\n\t\t\t\t<a href=\"\/de\/batterieprufung\/lbts-cell.html\/\" target=\"_self\" itemprop=\"url\" rel=\"noopener\">\n\t\t\t\t<img decoding=\"async\" src=\"https:\/\/dev.arbin.com\/wp-content\/uploads\/2024\/09\/ARBIN-LBTS-Cell-Tester.png\" alt=\"\" itemprop=\"image\" onerror=\"this.style.display='none'\"  \/>\n\t\t\t\t<\/a>\n<h3><a href=\"\/de\/batterieprufung\/lbts-cell.html\/\" target=\"_self\" rel=\"noopener\">LBTS-Zelltester<\/a><\/h3><p>Arbin&#8217;s next generation of multi-function solutions for a full range of cell testing applications.<\/p>\n\t\t\t\t<a href=\"\/de\/batterieprufung\/rbt4-cell.html\/\" target=\"_self\" itemprop=\"url\" rel=\"noopener\">\n\t\t\t\t<img decoding=\"async\" src=\"https:\/\/dev.arbin.com\/wp-content\/uploads\/2024\/09\/ARBIN-RBT-Cell-Tester.png\" alt=\"\" itemprop=\"image\" onerror=\"this.style.display='none'\"  \/>\n\t\t\t\t<\/a>\n<h3><a href=\"\/de\/batterieprufung\/rbt4-cell.html\/\" target=\"_self\" rel=\"noopener\">RBT-Zelltester<\/a><\/h3><p>High current cell testing solutions utilizing Arbin&#8217;s regenerative technology for efficient and reliable testing.<\/p>\n\t\t\t\t<a href=\"\/de\/batterieprufung\/rbt3-high-power.html\/\" target=\"_self\" itemprop=\"url\" rel=\"noopener\">\n\t\t\t\t<img decoding=\"async\" src=\"https:\/\/dev.arbin.com\/wp-content\/uploads\/2024\/09\/ARBIN-RBT-High-Power.png\" alt=\"\" itemprop=\"image\" onerror=\"this.style.display='none'\"  \/>\n\t\t\t\t<\/a>\n<h3><a href=\"\/de\/batterieprufung\/rbt3-high-power.html\/\" target=\"_self\" rel=\"noopener\">RBT-Hochleistung<\/a><\/h3><p>Arbin&#8217;s highest power tester, offering superior energy efficiency, ideal for heavy-duty testing.<\/p>\n<h2>\n\t\tRegenerative Zellbatterie<br \/>Pr\u00fcfung der L\u00f6sung\n\t<\/h2>\n\t<p>Arbin&#8217;s RBT-Cell Series combines high-precision measurements with regenerative technology to reduce the overall energy cost and enables researchers to generate reliable and repeatable data.<\/p>\n\t\t\t<a href=\"\/de\/batterieprufung\/rbt4-cell.html\/\" target=\"_self\" rel=\"noopener\">\n\t\t\t\t\t\t\tMehr sehen\n\t\t\t\t\t<\/a>\n\t<meta itemprop=\"url\" content=\"https:\/\/arbin.com\/wp-content\/uploads\/2024\/10\/Arbin-Product-Family-Arbin-Instruments-1080p-h264-1.mp4\" \/><div style=\"width: 640px;\" class=\"wp-video\"><!--[if lt IE 9]><script>document.createElement('video');<\/script><![endif]-->\n<video class=\"wp-video-shortcode\" id=\"video-22069-1\" width=\"640\" height=\"360\" poster=\"https:\/\/dev.arbin.com\/wp-content\/uploads\/2024\/10\/ARBIN-Product-Family-video-play-bg.png\" preload=\"none\" controls=\"controls\"><source type=\"video\/mp4\" src=\"https:\/\/arbin.com\/wp-content\/uploads\/2024\/10\/Arbin-Product-Family-Arbin-Instruments-1080p-h264-1.mp4?_=1\" \/><source type=\"video\/mp4\" src=\"https:\/\/arbin.com\/wp-content\/uploads\/2024\/10\/Arbin-Product-Family-Arbin-Instruments-1080p-h264-1.mp4?_=1\" \/><a href=\"https:\/\/arbin.com\/wp-content\/uploads\/2024\/10\/Arbin-Product-Family-Arbin-Instruments-1080p-h264-1.mp4\">https:\/\/arbin.com\/wp-content\/uploads\/2024\/10\/Arbin-Product-Family-Arbin-Instruments-1080p-h264-1.mp4<\/a><\/video><\/div>\n<h2>\n\t\tSmart Software Infrastructure Solutions\n\t<\/h2>\n\t\t\t\t<a href=\"\/de\/softwarelosung\/overview-fast-testing-control.html\/\" target=\"_self\" itemprop=\"url\" rel=\"noopener\">\n\t\t\t\t<img decoding=\"async\" src=\"https:\/\/dev.arbin.com\/wp-content\/uploads\/2024\/09\/ARBIN-Fast-Testing-Control.png\" alt=\"\" itemprop=\"image\" onerror=\"this.style.display='none'\"  \/>\n\t\t\t\t<\/a>\n<h3><a href=\"\/de\/softwarelosung\/overview-fast-testing-control.html\/\" target=\"_self\" rel=\"noopener\">Schnelle Pr\u00fcfkontrolle<\/a><\/h3><p>Unsere Infrastruktur erm\u00f6glicht schnelle und pr\u00e4zise Batterietests, indem sie fortschrittliche Algorithmen und Echtzeit\u00fcberwachung nutzt. Dadurch wird die Pr\u00fcfzeit drastisch verk\u00fcrzt und gleichzeitig eine hohe Genauigkeit gew\u00e4hrleistet, was die Effizienz und den Durchsatz erh\u00f6ht.<\/p>\n\t\t\t\t<a href=\"\/de\/softwarelosung\/smart-data-logging-acquistion-user-guideline-html\/\" target=\"_self\" itemprop=\"url\" rel=\"noopener\">\n\t\t\t\t<img decoding=\"async\" src=\"https:\/\/dev.arbin.com\/wp-content\/uploads\/2024\/09\/ARBIN-Data-Acquisition.png\" alt=\"\" itemprop=\"image\" onerror=\"this.style.display='none'\"  \/>\n\t\t\t\t<\/a>\n<h3><a href=\"\/de\/softwarelosung\/smart-data-logging-acquistion-user-guideline-html\/\" target=\"_self\" rel=\"noopener\">Datenerfassung<\/a><\/h3><p>Unser System verf\u00fcgt \u00fcber robuste Datenerfassungsfunktionen und erfasst umfassende Leistungsdaten der Batterie in Echtzeit. Es l\u00e4sst sich nahtlos in verschiedene Sensoren integrieren und gew\u00e4hrleistet eine pr\u00e4zise Datenerfassung f\u00fcr detaillierte Analysen und zuverl\u00e4ssige Berichte.<\/p>\n\t\t\t\t<a href=\"\/de\/softwarelosung\/data-integration-management.html\/\" target=\"_self\" itemprop=\"url\" rel=\"noopener\">\n\t\t\t\t<img decoding=\"async\" src=\"https:\/\/dev.arbin.com\/wp-content\/uploads\/2024\/09\/ARBIN-Data-Treatment.png\" alt=\"\" itemprop=\"image\" onerror=\"this.style.display='none'\"  \/>\n\t\t\t\t<\/a>\n<h3><a href=\"\/de\/softwarelosung\/data-integration-management.html\/\" target=\"_self\" rel=\"noopener\">Behandlung der Daten<\/a><\/h3><p>Unsere Datenverarbeitungstools bieten umfangreiche Analyse- und Visualisierungsm\u00f6glichkeiten. Die Benutzer k\u00f6nnen komplexe Daten mit intuitiven Diagrammen und Grafiken interpretieren, die eine fundierte Entscheidungsfindung erleichtern und Leistungstrends oder Anomalien in Batterietests aufdecken.<\/p>\n\t\t\t\t<a href=\"\/de\/softwarelosung\/arbin-zentralisierte-testinfrastruktur-html\/\" target=\"_self\" itemprop=\"url\" rel=\"noopener\">\n\t\t\t\t<img decoding=\"async\" src=\"https:\/\/dev.arbin.com\/wp-content\/uploads\/2024\/09\/ARBIN-Centralized-Infrastructure-1.png\" alt=\"\" itemprop=\"image\" onerror=\"this.style.display='none'\"  \/>\n\t\t\t\t<\/a>\n<h3><a href=\"\/de\/softwarelosung\/arbin-zentralisierte-testinfrastruktur-html\/\" target=\"_self\" rel=\"noopener\">Zentralisierte Infrastruktur<\/a><\/h3><p>Einheitliche Plattform f\u00fcr synchronisierte Verwaltung, Datenspeicherung und Steuerung mehrerer Batterieteststationen.<\/p>\n\t\t\t\t<a href=\"\/de\/softwarelosung\/arbin-distributed-testing-infrastructure.html\/\" target=\"_self\" itemprop=\"url\" rel=\"noopener\">\n\t\t\t\t<img decoding=\"async\" src=\"https:\/\/dev.arbin.com\/wp-content\/uploads\/2024\/09\/ARBIN-Distributed-Infrastructure-1.png\" alt=\"\" itemprop=\"image\" onerror=\"this.style.display='none'\"  \/>\n\t\t\t\t<\/a>\n<h3><a href=\"\/de\/softwarelosung\/arbin-distributed-testing-infrastructure.html\/\" target=\"_self\" rel=\"noopener\">Verteilte Infrastruktur<\/a><\/h3><p>Verteilte Testinfrastruktur f\u00fcr skalierbare und flexible Batterietests.<\/p>\n\t\t\t\t<a href=\"\/de\/softwarelosung\/arbin-standalone-testing-station.html\/\" target=\"_self\" itemprop=\"url\" rel=\"noopener\">\n\t\t\t\t<img decoding=\"async\" src=\"https:\/\/dev.arbin.com\/wp-content\/uploads\/2024\/09\/ARBIN-Standalone-Station-1.png\" alt=\"\" itemprop=\"image\" onerror=\"this.style.display='none'\"  \/>\n\t\t\t\t<\/a>\n<h3><a href=\"\/de\/softwarelosung\/arbin-standalone-testing-station.html\/\" target=\"_self\" rel=\"noopener\">Eigenst\u00e4ndige Station<\/a><\/h3><p>Unabh\u00e4ngige Einrichtung f\u00fcr lokalisierte Batterietests mit integrierter Datenverwaltung und Analysefunktionen.<\/p>\n\t<meta itemprop=\"url\" content=\"https:\/\/arbin.com\/wp-content\/uploads\/2024\/10\/Arbin-Renovates-Formation-Process-Arbin-Instruments.mp4\" \/><div style=\"width: 640px;\" class=\"wp-video\"><video class=\"wp-video-shortcode\" id=\"video-22069-2\" width=\"640\" height=\"360\" poster=\"https:\/\/arbin.com\/wp-content\/uploads\/2024\/10\/Innovative-Battery-Formation-Solutions-video-bg-play.png\" preload=\"none\" controls=\"controls\"><source type=\"video\/mp4\" src=\"https:\/\/arbin.com\/wp-content\/uploads\/2024\/10\/Arbin-Renovates-Formation-Process-Arbin-Instruments.mp4?_=2\" \/><source type=\"video\/mp4\" src=\"https:\/\/arbin.com\/wp-content\/uploads\/2024\/10\/Arbin-Renovates-Formation-Process-Arbin-Instruments.mp4?_=2\" \/><a href=\"https:\/\/arbin.com\/wp-content\/uploads\/2024\/10\/Arbin-Renovates-Formation-Process-Arbin-Instruments.mp4\">https:\/\/arbin.com\/wp-content\/uploads\/2024\/10\/Arbin-Renovates-Formation-Process-Arbin-Instruments.mp4<\/a><\/video><\/div>\n<h2>\n\t\tInnovative Battery Formation Solutions\n\t<\/h2>\n\t<ul>\n<li>Schl\u00fcsselfertige L\u00f6sung f\u00fcr gro\u00dffl\u00e4chiges Planieren und Sortieren.<\/li>\n<li>Reduzierung des Platzbedarfs der Einrichtung um bis zu 50%<\/li>\n<li>Geringere Kosten f\u00fcr Ausr\u00fcstung, Betrieb und Wartung<\/li>\n<li>Individuelles Pilotsystem wird mit PC und Steuerungssoftware geliefert; Skalierung auf Werksniveau \u00fcber WebAPI, MQTT und<\/li>\n<\/ul>\n\t\t\t<a href=\"\/de\/battery-manufacturing.html\/\" target=\"_self\" rel=\"noopener\">\n\t\t\t\t\t\t\tMehr sehen\n\t\t\t<\/a>\n<h2>\n\t\tSystem Capabilities\n\t<\/h2>\n\t\t\t\t<img decoding=\"async\" src=\"https:\/\/www.arbin.com\/wp-content\/uploads\/bb-plugin\/cache\/ARBIN-System-High-Precision-square-69a235fbe12e8ad9e2dc9a856a994859-.jpg\" alt=\"ARBIN-System-High-Precision\" itemprop=\"image\" title=\"ARBIN-System-High-Precision\" onerror=\"this.style.display='none'\"  \/>\n\t\t<h3>Hohe Pr\u00e4zision<\/h3><p>Liefert konsistente und pr\u00e4zise Pr\u00fcfdaten mit hoher Zuverl\u00e4ssigkeit unter realen Bedingungen.<\/p>\n\t\t\t\t<img decoding=\"async\" src=\"https:\/\/www.arbin.com\/wp-content\/uploads\/bb-plugin\/cache\/ARBIN-System-High-EnergyDensity-square-961fdcdfa270fc99250e1c926e0af823-.jpg\" alt=\"ARBIN-System-High-EnergyDensity\" itemprop=\"image\" title=\"ARBIN-System-High-EnergyDensity\" onerror=\"this.style.display='none'\"  \/>\n\t\t<h3>Hohe Leistungsdichte<\/h3><p>Unser patentiertes Hardware-Design maximiert die Leistungsdichte im Geh\u00e4use und minimiert so den Platzbedarf f\u00fcr den Benutzer.<\/p>\n\t\t\t\t<img decoding=\"async\" src=\"https:\/\/www.arbin.com\/wp-content\/uploads\/bb-plugin\/cache\/ARBIN-System-Smart-Data-Sample-Log-square-3a040307bbc1c65443c67141900857c3-.jpg\" alt=\"ARBIN-System-Smart-Data-Probe-Log\" itemprop=\"image\" title=\"ARBIN-System-Smart-Data-Probe-Log\" onerror=\"this.style.display='none'\"  \/>\n\t\t<h3>Smart Data Probe\/Protokoll<\/h3><p>Dynamischer Mechanismus f\u00fcr Datenabtastung und Protokollierungsgeschwindigkeit, der sowohl f\u00fcr Hochpr\u00e4zisions- als auch f\u00fcr Hochgeschwindigkeitspr\u00fcfungen geeignet ist<\/p>\n\t\t\t\t<img decoding=\"async\" src=\"https:\/\/www.arbin.com\/wp-content\/uploads\/bb-plugin\/cache\/ARBIN-System-Comprehensive-Protection-square-31f8f7f70e589eb15e9301316f4b1d71-.jpg\" alt=\"ARBIN-Systemumfassender-Schutz\" itemprop=\"image\" title=\"ARBIN-Systemumfassender-Schutz\" onerror=\"this.style.display='none'\"  \/>\n\t\t<h3>Umfassender Schutz<\/h3><p>Ein mehrschichtiger Schutzmechanismus mit Echtzeit-\u00dcberwachung der Variablen gew\u00e4hrleistet die Sicherheit von Last und Benutzer.<\/p>\n\t\t\t\t<img decoding=\"async\" src=\"https:\/\/www.arbin.com\/wp-content\/uploads\/bb-plugin\/cache\/ARBIN-System-Easy-Maintenance-square-6f537a5993ff4856ddb538deaefb5906-.jpg\" alt=\"ARBIN-System-Easy-Maintenance\" itemprop=\"image\" title=\"ARBIN-System-Easy-Maintenance\" onerror=\"this.style.display='none'\"  \/>\n\t\t<h3>Einfache Wartung<\/h3><p>Arbin system&#8217;s modular design allows easy maintenance, expansion, replacement or repair.\u200b<\/p>\n\t\t\t\t<img decoding=\"async\" src=\"https:\/\/www.arbin.com\/wp-content\/uploads\/bb-plugin\/cache\/ARBIN-Quality-Support-square-c3d9249b5a8a759a2120d0b2c84c60b0-.png\" alt=\"ARBIN-Qualit\u00e4tssupport\" itemprop=\"image\" title=\"ARBIN-Qualit\u00e4tssupport\" onerror=\"this.style.display='none'\"  \/>\n\t\t<h3>Unterst\u00fctzung der Qualit\u00e4t<\/h3><p>From offering expert advice to solving complex problems, we&#8217;ve got you covered\u00a0worldwide.\u200b<\/p>\n<h2>\n\t\tAbout Us\n\t<\/h2>\n\t<p>Arbin understands the vital role energy storage plays in our everyday life and its importance to our future. This is why Arbin works hard to provide the best service and testing equipment as a tool for researchers and industry.\u00a0<\/p>\n\t\t\t<a href=\"\/de\/unternehmen-html\/\" target=\"_self\" rel=\"noopener\">\n\t\t\t\t\t\t\tMehr sehen\n\t\t\t\t\t<\/a>\n\t<meta itemprop=\"url\" content=\"https:\/\/arbin.com\/wp-content\/uploads\/2024\/10\/About-Us-2024-Arbin-Instruments-1080p-h264-1.mp4\" \/><div style=\"width: 640px;\" class=\"wp-video\"><video class=\"wp-video-shortcode\" id=\"video-22069-3\" width=\"640\" height=\"360\" poster=\"https:\/\/dev.arbin.com\/wp-content\/uploads\/2024\/10\/ARBIN-About-Us-2024-1.png\" preload=\"none\" controls=\"controls\"><source type=\"video\/mp4\" src=\"https:\/\/arbin.com\/wp-content\/uploads\/2024\/10\/About-Us-2024-Arbin-Instruments-1080p-h264-1.mp4?_=3\" \/><source type=\"video\/mp4\" src=\"https:\/\/arbin.com\/wp-content\/uploads\/2024\/10\/About-Us-2024-Arbin-Instruments-1080p-h264-1.mp4?_=3\" \/><a href=\"https:\/\/arbin.com\/wp-content\/uploads\/2024\/10\/About-Us-2024-Arbin-Instruments-1080p-h264-1.mp4\">https:\/\/arbin.com\/wp-content\/uploads\/2024\/10\/About-Us-2024-Arbin-Instruments-1080p-h264-1.mp4<\/a><\/video><\/div>\n<h2>\n\t\t\ud83d\uddfa Global Locations\n\t<\/h2>\n\t<p>Arbin Instruments ist ein weltweit f\u00fchrender Anbieter von Pr\u00fcfger\u00e4ten f\u00fcr Batterien und Energiespeicher und beliefert Kunden auf der ganzen Welt. Wir haben Niederlassungen in China, Deutschland, Hongkong, Indien, Korea und Taiwan sowie unseren Hauptsitz in College Station, Texas, und weltweite Vertretungen.<\/p>\n\t<iframe src=\"https:\/\/www.google.com\/maps\/embed\/v1\/place?q=Arbin+Instruments+762+Peach+Creek+Cut+Off+Rd.+College+Station%2C+TX77845+USA&#038;key=AIzaSyD09zQ9PNDNNy9TadMuzRV_UsPUoWKntt8\" aria-hidden=\"true\"><\/iframe>\n\t\t\t\t<img decoding=\"async\" src=\"https:\/\/dev.arbin.com\/wp-content\/uploads\/2024\/09\/ARBIN-Global-leader.png\" alt=\"\" itemprop=\"image\" onerror=\"this.style.display='none'\"  \/>\n\t\t<h3>Weltweit f\u00fchrend<\/h3><p>Arbin Instruments ist ein weltweit f\u00fchrender Anbieter von Pr\u00fcfger\u00e4ten f\u00fcr Batterien und Energiespeicher und beliefert Kunden auf der ganzen Welt.<\/p>\n\t\t\t\t<img decoding=\"async\" src=\"https:\/\/dev.arbin.com\/wp-content\/uploads\/2024\/09\/ARBIN-Why-we-are-passionate.png\" alt=\"\" itemprop=\"image\" onerror=\"this.style.display='none'\"  \/>\n\t\t<h3>Warum wir leidenschaftlich sind<\/h3><p>Wir bei Arbin Instruments sind uns der wichtigen Rolle bewusst, die die Energiespeicherung in unserem t\u00e4glichen Leben spielt, und wissen um ihre Bedeutung f\u00fcr unsere Zukunft.<\/p>\n\t\t\t\t<img decoding=\"async\" src=\"https:\/\/dev.arbin.com\/wp-content\/uploads\/2024\/09\/ARBIN-Careers-at-Arbin.png\" alt=\"\" itemprop=\"image\" onerror=\"this.style.display='none'\"  \/>\n\t\t<h3>Karriere bei Arbin<\/h3><p>Arbin ist ein weltweit f\u00fchrender Hersteller von Pr\u00fcfger\u00e4ten f\u00fcr Batterien und andere Energiespeicheranwendungen.<\/p>","protected":false},"excerpt":{"rendered":"<p>High-Precision Battery Testerwith Integrated Chamber Arbin&#8217;s High-Precision Battery Tester (HPS) offers a turn-key solution with state-of-the-art technology, ensuring unmatched accuracy and precision. View more Highlight Products High Precision Tester (HPS) With integrated chambers, HPS offers a turn-key solution with state-of-the-art technology for battery research, ensuring unmatched accuracy and precision. Parallel Differential Battery Tester (PDBT) PDBT [&hellip;]<\/p>","protected":false},"author":27,"featured_media":21547,"parent":0,"menu_order":0,"comment_status":"closed","ping_status":"closed","template":"","meta":{"_acf_changed":false,"_seopress_robots_primary_cat":"","_seopress_titles_title":"High Precision Battery Test Equipment | Arbin Instruments","_seopress_titles_desc":"Arbin has been an innovator in the battery testing industry for 30 years. Multi-channel charge\/discharge testing systems for cells, modules, and packs.","_seopress_robots_index":"","inline_featured_image":false,"site-sidebar-layout":"no-sidebar","site-content-layout":"page-builder","ast-site-content-layout":"full-width-container","site-content-style":"unboxed","site-sidebar-style":"unboxed","ast-global-header-display":"","ast-banner-title-visibility":"","ast-main-header-display":"","ast-hfb-above-header-display":"","ast-hfb-below-header-display":"","ast-hfb-mobile-header-display":"","site-post-title":"","ast-breadcrumbs-content":"","ast-featured-img":"","footer-sml-layout":"","theme-transparent-header-meta":"","adv-header-id-meta":"","stick-header-meta":"","header-above-stick-meta":"","header-main-stick-meta":"","header-below-stick-meta":"","astra-migrate-meta-layouts":"set","ast-page-background-enabled":"default","ast-page-background-meta":{"desktop":{"background-color":"","background-image":"","background-repeat":"repeat","background-position":"center center","background-size":"auto","background-attachment":"scroll","background-type":"","background-media":"","overlay-type":"","overlay-color":"","overlay-opacity":"","overlay-gradient":""},"tablet":{"background-color":"","background-image":"","background-repeat":"repeat","background-position":"center center","background-size":"auto","background-attachment":"scroll","background-type":"","background-media":"","overlay-type":"","overlay-color":"","overlay-opacity":"","overlay-gradient":""},"mobile":{"background-color":"","background-image":"","background-repeat":"repeat","background-position":"center center","background-size":"auto","background-attachment":"scroll","background-type":"","background-media":"","overlay-type":"","overlay-color":"","overlay-opacity":"","overlay-gradient":""}},"ast-content-background-meta":{"desktop":{"background-color":"var(--ast-global-color-5)","background-image":"","background-repeat":"repeat","background-position":"center center","background-size":"auto","background-attachment":"scroll","background-type":"","background-media":"","overlay-type":"","overlay-color":"","overlay-opacity":"","overlay-gradient":""},"tablet":{"background-color":"var(--ast-global-color-5)","background-image":"","background-repeat":"repeat","background-position":"center center","background-size":"auto","background-attachment":"scroll","background-type":"","background-media":"","overlay-type":"","overlay-color":"","overlay-opacity":"","overlay-gradient":""},"mobile":{"background-color":"var(--ast-global-color-5)","background-image":"","background-repeat":"repeat","background-position":"center center","background-size":"auto","background-attachment":"scroll","background-type":"","background-media":"","overlay-type":"","overlay-color":"","overlay-opacity":"","overlay-gradient":""}},"footnotes":""},"class_list":["post-22069","page","type-page","status-publish","has-post-thumbnail","hentry"],"acf":[],"_links":{"self":[{"href":"https:\/\/dev.arbin.com\/de\/wp-json\/wp\/v2\/pages\/22069","targetHints":{"allow":["GET"]}}],"collection":[{"href":"https:\/\/dev.arbin.com\/de\/wp-json\/wp\/v2\/pages"}],"about":[{"href":"https:\/\/dev.arbin.com\/de\/wp-json\/wp\/v2\/types\/page"}],"author":[{"embeddable":true,"href":"https:\/\/dev.arbin.com\/de\/wp-json\/wp\/v2\/users\/27"}],"replies":[{"embeddable":true,"href":"https:\/\/dev.arbin.com\/de\/wp-json\/wp\/v2\/comments?post=22069"}],"version-history":[{"count":5,"href":"https:\/\/dev.arbin.com\/de\/wp-json\/wp\/v2\/pages\/22069\/revisions"}],"predecessor-version":[{"id":38313,"href":"https:\/\/dev.arbin.com\/de\/wp-json\/wp\/v2\/pages\/22069\/revisions\/38313"}],"wp:featuredmedia":[{"embeddable":true,"href":"https:\/\/dev.arbin.com\/de\/wp-json\/wp\/v2\/media\/21547"}],"wp:attachment":[{"href":"https:\/\/dev.arbin.com\/de\/wp-json\/wp\/v2\/media?parent=22069"}],"curies":[{"name":"wp","href":"https:\/\/api.w.org\/{rel}","templated":true}]}}