{"id":22268,"date":"2024-07-05T15:59:49","date_gmt":"2024-07-05T20:59:49","guid":{"rendered":"https:\/\/dev.arbin.com\/?page_id=22268"},"modified":"2025-08-07T14:22:42","modified_gmt":"2025-08-07T19:22:42","slug":"company","status":"publish","type":"page","link":"https:\/\/dev.arbin.com\/de\/unternehmen-html","title":{"rendered":"Unternehmen"},"content":{"rendered":"<h1>\n\t\tUnternehmen\n\t<\/h1>\n\t<p>Arbin Instruments hat es sich zur Aufgabe gemacht, Innovationen zu f\u00f6rdern und den Fortschritt durch Pr\u00e4zisionsinstrumente und fortschrittliche Testl\u00f6sungen voranzutreiben. Wir sind <strong>mit dem Ziel, Spitzenprodukte zu liefern<\/strong> und unvergleichliche Unterst\u00fctzung, die es unseren Kunden erm\u00f6glichen, Spitzenleistungen in den Bereichen Energiespeicherung, Elektromobilit\u00e4t, fortschrittliche Batterieherstellung und Materialforschung zu erzielen.<\/p>\n<p>Unser Engagement f\u00fcr <strong>Qualit\u00e4t, Zuverl\u00e4ssigkeit und Kundenzufriedenheit gew\u00e4hrleistet<\/strong> dass wir unseren Kunden die notwendigen Werkzeuge zur Verf\u00fcgung stellen, um die Grenzen der Technologie zu erweitern und eine nachhaltige Zukunft zu schaffen.<\/p>\n\t\t\t\t<img decoding=\"async\" src=\"https:\/\/dev.arbin.com\/wp-content\/uploads\/2024\/10\/ARBIN-Company-Dr.-John-Zhang.png\" alt=\"\" itemprop=\"image\" onerror=\"this.style.display='none'\"  \/>\n\t\t<p>Unser Ziel ist es, gro\u00dfartige Produkte herzustellen und gut zu unseren Kunden zu sein. <strong>Kunden<\/strong>, <strong>Mitarbeiter<\/strong> und <strong>Gesellschaft<\/strong><\/p>\n<p>&nbsp;<\/p>\n<p><em>-Dr. John Zhang<\/em><\/p>\n<h2>\n\t\tHistory of Continuous Innovation\n\t<\/h2>\n\t\t\t\t<img decoding=\"async\" src=\"https:\/\/dev.arbin.com\/wp-content\/uploads\/2024\/10\/ARBIN-History-of-Continuous-Innovation-1.png\" alt=\"\" itemprop=\"image\" onerror=\"this.style.display='none'\"  \/>\n\t<meta itemprop=\"url\" content=\"https:\/\/arbin.com\/wp-content\/uploads\/2024\/10\/The-Story-of-Arbin-Arbin-Instruments.mp4\" \/><div style=\"width: 640px;\" class=\"wp-video\"><!--[if lt IE 9]><script>document.createElement('video');<\/script><![endif]-->\n<video class=\"wp-video-shortcode\" id=\"video-22268-1\" width=\"640\" height=\"360\" poster=\"https:\/\/arbin.com\/wp-content\/uploads\/2024\/10\/30-years-anniversary-video-bg-play.png\" preload=\"none\" controls=\"controls\"><source type=\"video\/mp4\" src=\"https:\/\/arbin.com\/wp-content\/uploads\/2024\/10\/The-Story-of-Arbin-Arbin-Instruments.mp4?_=1\" \/><source type=\"video\/mp4\" src=\"https:\/\/arbin.com\/wp-content\/uploads\/2024\/10\/The-Story-of-Arbin-Arbin-Instruments.mp4?_=1\" \/><a href=\"https:\/\/arbin.com\/wp-content\/uploads\/2024\/10\/The-Story-of-Arbin-Arbin-Instruments.mp4\">https:\/\/arbin.com\/wp-content\/uploads\/2024\/10\/The-Story-of-Arbin-Arbin-Instruments.mp4<\/a><\/video><\/div>\n<h2>\n\t\t30 years anniversary\n\t<\/h2>\n\t\t<p>Innovation durch Forschung und Entwicklung ist f\u00fcr Arbin von Anfang an ein zentraler Wert gewesen.<\/p>\n<p>Wir waren das erste Unternehmen, das ein Multi-Channel-Angebot <strong>potentiostatische \/ galvanostatische Vorrichtung<\/strong>Mehrere Strombereiche, die M\u00f6glichkeit, Telekommunikationsimpulse zu simulieren, die erste M\u00f6glichkeit f\u00fcr echte Hochpr\u00e4zisionstests bei hohen Str\u00f6men <strong>(bis zu 200A)<\/strong> und jetzt die ersten, die bei der Herstellung von Batterien einen Schutz vor thermischem Durchgehen durch eine patentierte Selbstentladungs\u00fcberwachung bieten!<\/p>\n<h2>\n\t\tExecutive Leadership\n\t<\/h2>\n\t\t<p>Jeder Mensch bei Arbin ist ein <strong>gesch\u00e4tzter Mitarbeiter, der st\u00e4ndig lernt und seine F\u00e4higkeiten einsetzt<\/strong> und gleichzeitig neue zu lernen.<\/p>\n\t\t\t\t<img decoding=\"async\" src=\"https:\/\/dev.arbin.com\/wp-content\/uploads\/2024\/10\/ARBIN-leadership-Dr.-John-Zhang-1.png\" alt=\"\" itemprop=\"image\" onerror=\"this.style.display='none'\"  \/>\n<p>Gr\u00fcnder &amp; Pr\u00e4sident<\/p>\n<p><strong>Dr. John Zhang<\/strong><\/p>\n<p>Garagenunternehmer<\/p>\n<p>Seit den bescheidenen Anf\u00e4ngen in einer Garage wurde meine Reise als Elektrochemiker von Innovation und Leidenschaft angetrieben. Bei Arbin widmen wir uns der Entwicklung wirkungsvoller L\u00f6sungen, die den Fortschritt vorantreiben und unsere Gesellschaft voranbringen.<\/p>\n\t\t\t\t<img decoding=\"async\" src=\"https:\/\/dev.arbin.com\/wp-content\/uploads\/2024\/10\/ARBIN-Leadership-Yifei-Zhang.png\" alt=\"\" itemprop=\"image\" onerror=\"this.style.display='none'\"  \/>\n<p>CEO<\/p>\n<p><strong>Yifei Zhang<\/strong><\/p>\n<p>Verl\u00e4sslichkeit und Kontinuit\u00e4t der Ausr\u00fcstung<\/p>\n<p>Wir bei Arbin entwickeln unsere Produkte st\u00e4ndig weiter, um die Leistung, die Pr\u00e4zision und die Benutzerfreundlichkeit zu verbessern.<\/p>\n\t\t\t\t<img decoding=\"async\" src=\"https:\/\/dev.arbin.com\/wp-content\/uploads\/2024\/10\/ARBIN-Leadership-Vinh-Vo.png\" alt=\"\" itemprop=\"image\" onerror=\"this.style.display='none'\"  \/>\n<p>CTO<\/p>\n<p><strong>Vinh Vo<\/strong><\/p>\n<p>Zukunft des Unternehmens &amp; Vision<\/p>\n<p>Als CTO ist es meine Vision, Technologie zu nutzen, um Innovationen voranzutreiben und nachhaltige L\u00f6sungen zu schaffen. Durch die F\u00f6rderung einer Kultur der Zusammenarbeit und des kontinuierlichen Lernens werden wir uns nicht nur an den Wandel anpassen, sondern ihn anf\u00fchren und sicherstellen, dass unser Unternehmen an der Spitze unserer Branche bleibt.<\/p>\n\t\t\t\t<img decoding=\"async\" src=\"https:\/\/dev.arbin.com\/wp-content\/uploads\/2024\/10\/ARBIN-Leadership-Stephen-Parker.png\" alt=\"\" itemprop=\"image\" onerror=\"this.style.display='none'\"  \/>\n<p>Vizepr\u00e4sidentin f\u00fcr globalen Vertrieb<\/p>\n<p><strong>Stephen Parker<\/strong><\/p>\n<p>Kundenbeziehungen sind wichtig<\/p>\n<p>Unsere Kunden sind die treibende Kraft hinter unserem Engagement f\u00fcr die Bereitstellung zuverl\u00e4ssiger, innovativer Batterietestl\u00f6sungen. Enge Partnerschaften halten uns \u00fcber Trends auf dem Laufenden und erm\u00f6glichen es uns, Spitzentechnologien anzubieten, die ihren Anforderungen entsprechen.<\/p>\n\t\t\t\t<img decoding=\"async\" src=\"https:\/\/dev.arbin.com\/wp-content\/uploads\/2024\/10\/ARBIN-Leadership-Matthew-Sherman.png\" alt=\"\" itemprop=\"image\" onerror=\"this.style.display='none'\"  \/>\n<p>Vizepr\u00e4sident<\/p>\n<p><strong>Matthew Sherman<\/strong><\/p>\n<p>&#8220;Each person at Arbin is a valued contributor, constantly learning and using their skills while learning new ones.&#8221;<\/p>\n<h3>\n\t\tJoin Us! Help drive innovation<br \/>bei Batterietests\n\t<\/h3>\n\t<p>Jeder bei Arbin hat eine ingenieurm\u00e4\u00dfige Denkweise: Systemdenken, Entwerfen unter Zwang, Verst\u00e4ndnis f\u00fcr Kompromisse und die Bereitschaft, die eigene Meinung zu \u00e4ndern.<\/p>\nSind Sie neugierig und bescheiden? Gehen Sie Probleme aus einer technischen Perspektive an? Sind Sie hartn\u00e4ckig und offen f\u00fcr Ver\u00e4nderungen? Lieben Sie Elektronik und das Bauen von Dingen?<br \/>\n<a href=\"\/de\/careers-at-arbin.html\/\">Besuchen Sie unsere Karriereseite, um mehr \u00fcber folgende M\u00f6glichkeiten zu erfahren<br \/>\nArbeit bei Arbin<\/a>\n\t\t\t\t<img loading=\"lazy\" decoding=\"async\" src=\"https:\/\/dev.arbin.com\/wp-content\/uploads\/2024\/10\/ARBIN-Join-Our-Team.png\" alt=\"ARBIN-Join Our Team\" itemprop=\"image\" height=\"756\" width=\"1266\" title=\"ARBIN-Join Our Team\" onerror=\"this.style.display='none'\"  \/>","protected":false},"excerpt":{"rendered":"<p>Company At Arbin Instruments, our mission is to empower innovation and drive progress through precision instrumentation and advanced testing solutions. We are dedicated to delivering cutting-edge products and unparalleled support that enable our customers to achieve excellence in energy storage, e-mobility, advanced battery manufacturing, and materials research. Our commitment to quality, reliability, and customer satisfaction [&hellip;]<\/p>","protected":false},"author":27,"featured_media":21547,"parent":0,"menu_order":0,"comment_status":"closed","ping_status":"closed","template":"","meta":{"_acf_changed":false,"_seopress_robots_primary_cat":"","_seopress_titles_title":"Company | Arbin Instruments","_seopress_titles_desc":"Arbin was founded by Dr. John Zhang in 1991, after discovering the need for a more accurate, reliable, and robust testing system for electrochemical storage devices.\r\n\r\nAs an electrochemist himself, Dr. John started building the first instrument when the company he was with at the time needed something that was not yet built. Innovation and taking on challenges are the founding principles that, over time, have grown Arbin into the multi-million-dollar, global corporation 30 years later.","_seopress_robots_index":"","inline_featured_image":false,"site-sidebar-layout":"no-sidebar","site-content-layout":"page-builder","ast-site-content-layout":"full-width-container","site-content-style":"unboxed","site-sidebar-style":"unboxed","ast-global-header-display":"","ast-banner-title-visibility":"","ast-main-header-display":"","ast-hfb-above-header-display":"","ast-hfb-below-header-display":"","ast-hfb-mobile-header-display":"","site-post-title":"","ast-breadcrumbs-content":"","ast-featured-img":"","footer-sml-layout":"","theme-transparent-header-meta":"","adv-header-id-meta":"","stick-header-meta":"","header-above-stick-meta":"","header-main-stick-meta":"","header-below-stick-meta":"","astra-migrate-meta-layouts":"set","ast-page-background-enabled":"default","ast-page-background-meta":{"desktop":{"background-color":"","background-image":"","background-repeat":"repeat","background-position":"center center","background-size":"auto","background-attachment":"scroll","background-type":"","background-media":"","overlay-type":"","overlay-color":"","overlay-opacity":"","overlay-gradient":""},"tablet":{"background-color":"","background-image":"","background-repeat":"repeat","background-position":"center center","background-size":"auto","background-attachment":"scroll","background-type":"","background-media":"","overlay-type":"","overlay-color":"","overlay-opacity":"","overlay-gradient":""},"mobile":{"background-color":"","background-image":"","background-repeat":"repeat","background-position":"center center","background-size":"auto","background-attachment":"scroll","background-type":"","background-media":"","overlay-type":"","overlay-color":"","overlay-opacity":"","overlay-gradient":""}},"ast-content-background-meta":{"desktop":{"background-color":"var(--ast-global-color-5)","background-image":"","background-repeat":"repeat","background-position":"center center","background-size":"auto","background-attachment":"scroll","background-type":"","background-media":"","overlay-type":"","overlay-color":"","overlay-opacity":"","overlay-gradient":""},"tablet":{"background-color":"var(--ast-global-color-5)","background-image":"","background-repeat":"repeat","background-position":"center center","background-size":"auto","background-attachment":"scroll","background-type":"","background-media":"","overlay-type":"","overlay-color":"","overlay-opacity":"","overlay-gradient":""},"mobile":{"background-color":"var(--ast-global-color-5)","background-image":"","background-repeat":"repeat","background-position":"center center","background-size":"auto","background-attachment":"scroll","background-type":"","background-media":"","overlay-type":"","overlay-color":"","overlay-opacity":"","overlay-gradient":""}},"footnotes":""},"class_list":["post-22268","page","type-page","status-publish","has-post-thumbnail","hentry"],"acf":[],"_links":{"self":[{"href":"https:\/\/dev.arbin.com\/de\/wp-json\/wp\/v2\/pages\/22268","targetHints":{"allow":["GET"]}}],"collection":[{"href":"https:\/\/dev.arbin.com\/de\/wp-json\/wp\/v2\/pages"}],"about":[{"href":"https:\/\/dev.arbin.com\/de\/wp-json\/wp\/v2\/types\/page"}],"author":[{"embeddable":true,"href":"https:\/\/dev.arbin.com\/de\/wp-json\/wp\/v2\/users\/27"}],"replies":[{"embeddable":true,"href":"https:\/\/dev.arbin.com\/de\/wp-json\/wp\/v2\/comments?post=22268"}],"version-history":[{"count":2,"href":"https:\/\/dev.arbin.com\/de\/wp-json\/wp\/v2\/pages\/22268\/revisions"}],"predecessor-version":[{"id":37697,"href":"https:\/\/dev.arbin.com\/de\/wp-json\/wp\/v2\/pages\/22268\/revisions\/37697"}],"wp:featuredmedia":[{"embeddable":true,"href":"https:\/\/dev.arbin.com\/de\/wp-json\/wp\/v2\/media\/21547"}],"wp:attachment":[{"href":"https:\/\/dev.arbin.com\/de\/wp-json\/wp\/v2\/media?parent=22268"}],"curies":[{"name":"wp","href":"https:\/\/api.w.org\/{rel}","templated":true}]}}