{"id":21444,"date":"2023-09-22T14:50:25","date_gmt":"2023-09-22T19:50:25","guid":{"rendered":"https:\/\/arbin.com\/?post_type=product&#038;p=21444"},"modified":"2023-09-26T08:43:35","modified_gmt":"2023-09-26T13:43:35","slug":"neuer-zylindrischer-hochstrom-zellenhalter-200a","status":"publish","type":"product","link":"https:\/\/dev.arbin.com\/de\/product\/neuer-zylindrischer-hochstrom-zellenhalter-200a-html","title":{"rendered":"Zylindrischer Hochstrom-Zellenhalter - 200A"},"content":{"rendered":"<p>Batteriehalter f\u00fcr Hochkapazit\u00e4tszellen bis 200A mit einstellbarer L\u00e4nge und Durchmesser f\u00fcr zylindrische Zellen mit gegen\u00fcberliegenden Anschl\u00fcssen.  Erm\u00f6glicht 4-Punkt-Anschluss mit unabh\u00e4ngiger Strom- und Spannungsmessung.<br \/>\nBatterie-Durchmesser: 10mm-50mm<br \/>\nBatterie L\u00e4nge: 10mm-120mm<br \/>\nMax. Dauerstrom: 200A<br \/>\nSchaltungswiderstand: &lt;5m\u03a9<br \/>\nBetriebstemperatur:-20\u00b0C~80\u00b0C<br \/>\nGesamtabmessungen: 12,25 X 3 X 3,5 Zoll (der Hebelarm ragt 1,5 Zoll \u00fcber die Halterbasis hinaus)<\/p>","protected":false},"excerpt":{"rendered":"<p>Batteriehalter f\u00fcr Hochkapazit\u00e4tszellen bis 200A mit einstellbarer L\u00e4nge und Durchmesser f\u00fcr zylindrische Zellen mit gegen\u00fcberliegenden Anschl\u00fcssen.  Erm\u00f6glicht 4-Punkt-Verbindung mit unabh\u00e4ngiger Strom- und Spannungsmessung.  Dieser Halter ist ideal zum Testen von 18650- und 2170-Zellen mit hoher Kapazit\u00e4t sowie von neueren 4680- und 48120-Zellen.<br \/>\nArbin PN: 432636<\/p>\n<p>Preis inklusive Versand.<\/p>","protected":false},"featured_media":380,"template":"","meta":{"_acf_changed":false,"_seopress_robots_primary_cat":"none","_seopress_titles_title":"","_seopress_titles_desc":"","_seopress_robots_index":"","inline_featured_image":false,"site-sidebar-layout":"default","site-content-layout":"","ast-site-content-layout":"default","site-content-style":"default","site-sidebar-style":"default","ast-global-header-display":"","ast-banner-title-visibility":"","ast-main-header-display":"","ast-hfb-above-header-display":"","ast-hfb-below-header-display":"","ast-hfb-mobile-header-display":"","site-post-title":"","ast-breadcrumbs-content":"","ast-featured-img":"","footer-sml-layout":"","theme-transparent-header-meta":"default","adv-header-id-meta":"","stick-header-meta":"","header-above-stick-meta":"","header-main-stick-meta":"","header-below-stick-meta":"","astra-migrate-meta-layouts":"set","ast-page-background-enabled":"default","ast-page-background-meta":{"desktop":{"background-color":"","background-image":"","background-repeat":"repeat","background-position":"center center","background-size":"auto","background-attachment":"scroll","background-type":"","background-media":"","overlay-type":"","overlay-color":"","overlay-opacity":"","overlay-gradient":""},"tablet":{"background-color":"","background-image":"","background-repeat":"repeat","background-position":"center center","background-size":"auto","background-attachment":"scroll","background-type":"","background-media":"","overlay-type":"","overlay-color":"","overlay-opacity":"","overlay-gradient":""},"mobile":{"background-color":"","background-image":"","background-repeat":"repeat","background-position":"center center","background-size":"auto","background-attachment":"scroll","background-type":"","background-media":"","overlay-type":"","overlay-color":"","overlay-opacity":"","overlay-gradient":""}},"ast-content-background-meta":{"desktop":{"background-color":"var(--ast-global-color-5)","background-image":"","background-repeat":"repeat","background-position":"center center","background-size":"auto","background-attachment":"scroll","background-type":"","background-media":"","overlay-type":"","overlay-color":"","overlay-opacity":"","overlay-gradient":""},"tablet":{"background-color":"var(--ast-global-color-5)","background-image":"","background-repeat":"repeat","background-position":"center center","background-size":"auto","background-attachment":"scroll","background-type":"","background-media":"","overlay-type":"","overlay-color":"","overlay-opacity":"","overlay-gradient":""},"mobile":{"background-color":"var(--ast-global-color-5)","background-image":"","background-repeat":"repeat","background-position":"center center","background-size":"auto","background-attachment":"scroll","background-type":"","background-media":"","overlay-type":"","overlay-color":"","overlay-opacity":"","overlay-gradient":""}}},"product_brand":[],"product_cat":[27,29],"product_tag":[],"class_list":{"0":"post-21444","1":"product","2":"type-product","3":"status-publish","4":"has-post-thumbnail","6":"product_cat-battery-holders","7":"product_cat-cylindrical-trays-and-holders","8":"desktop-align-left","9":"tablet-align-left","10":"mobile-align-left","12":"first","13":"instock","14":"taxable","15":"shipping-taxable","16":"purchasable","17":"product-type-simple"},"acf":[],"_links":{"self":[{"href":"https:\/\/dev.arbin.com\/de\/wp-json\/wp\/v2\/product\/21444","targetHints":{"allow":["GET"]}}],"collection":[{"href":"https:\/\/dev.arbin.com\/de\/wp-json\/wp\/v2\/product"}],"about":[{"href":"https:\/\/dev.arbin.com\/de\/wp-json\/wp\/v2\/types\/product"}],"wp:featuredmedia":[{"embeddable":true,"href":"https:\/\/dev.arbin.com\/de\/wp-json\/wp\/v2\/media\/380"}],"wp:attachment":[{"href":"https:\/\/dev.arbin.com\/de\/wp-json\/wp\/v2\/media?parent=21444"}],"wp:term":[{"taxonomy":"product_brand","embeddable":true,"href":"https:\/\/dev.arbin.com\/de\/wp-json\/wp\/v2\/product_brand?post=21444"},{"taxonomy":"product_cat","embeddable":true,"href":"https:\/\/dev.arbin.com\/de\/wp-json\/wp\/v2\/product_cat?post=21444"},{"taxonomy":"product_tag","embeddable":true,"href":"https:\/\/dev.arbin.com\/de\/wp-json\/wp\/v2\/product_tag?post=21444"}],"curies":[{"name":"wp","href":"https:\/\/api.w.org\/{rel}","templated":true}]}}